{"id":11193,"date":"2025-08-05T00:05:39","date_gmt":"2025-08-04T21:35:39","guid":{"rendered":"https:\/\/www.entihome.com\/?post_type=product&#038;p=11193"},"modified":"2025-12-30T08:48:43","modified_gmt":"2025-12-30T06:18:43","slug":"dalaba-yatak-odasi","status":"publish","type":"product","link":"https:\/\/www.entihome.com\/index.php\/urun\/dalaba-yatak-odasi\/","title":{"rendered":"Dalaba Yatak Odas\u0131"},"content":{"rendered":"<div class=\"Left_Product_Content\">\n<h3>GENEL B\u0130LG\u0130LER<\/h3>\n<ul>\n<li>Tak\u0131mdaki istemedi\u011finiz par\u00e7ay\u0131 \u00e7\u0131kartabilirsiniz.\u00a0\u00c7\u0131kart\u0131lan mod\u00fcl fiyat\u0131 d\u00fc\u015f\u00fcl\u00fcr.<\/li>\n<li>Teslimat \u015fekilleri hakk\u0131nda bilgi i\u00e7in<\/li>\n<li>T\u00fcm \u00fcr\u00fcnlerimiz 2 y\u0131l \u00fcretici garantilidir.<\/li>\n<li>Bu \u00fcr\u00fcn orjinal ineg\u00f6l mobilyas\u0131d\u0131r.<\/li>\n<\/ul>\n<\/div>\n<div class=\"Left_Product_Content\">\n<h3>\u00d6DEME SE\u00c7ENEKLER\u0130<\/h3>\n<ul>\n<li>Anla\u015fmal\u0131 banka kartlar\u0131m\u0131za bankan\u0131z\u0131n belirledigi kadar taksit yapabilirsiniz taksit se\u00e7enekleri i\u00e7in taksit komisyon oranlar\u0131 sayfas\u0131ndan inceleyebilirsiniz<br \/>\nKap\u0131da \u00f6deme se\u00e7ene\u011fi en \u00e7ok tercih edilen \u00f6deme metodudur. Kap\u0131da \u00f6deme se\u00e7ene\u011fi \u015fu \u015fekilde ger\u00e7ekle\u015fmektedir; sipari\u015f vermi\u015f oldu\u011funuz \u00fcr\u00fcnlerin tutar\u0131n\u0131n %50\u2019sini banka hesaplar\u0131m\u0131za kapora olarak yat\u0131r\u0131yorsunuz, geri kalan %50\u2019lik k\u0131s\u0131m\u0131da \u00fcr\u00fcnler size teslim olduktan ve her hangi bir eksik olmad\u0131\u011f\u0131na kanaat etikten sonra gelen ekiplerimize elden teslim ediyorsunuz, her zaman kendi ekiplerimiz gelemeyebiliyor b\u00f6yle durumlarda \u00fcr\u00fcn yola \u00e7\u0131kmadan \u00f6nce kalan \u00f6demeyi banka hesaplar\u0131m\u0131za yap\u0131yorsunuz.<\/li>\n<\/ul>\n<\/div>\n<div class=\"Left_Product_Content\">\n<h3>TESL\u0130MAT \u015eEK\u0130LLER\u0130<\/h3>\n<ul>\n<li><a href=\"https:\/\/www.entihome.com\/\">entihome.com<\/a>\u2019de sat\u0131\u015fa sunulan \u00fcr\u00fcnleri,\u00a0<strong>T\u00fcrkiye\u2019nin her yerinden<\/strong>\u00a0sipari\u015f verilebilirsiniz.<\/li>\n<li>Nakliye ve Montaj \u0130\u00e7in L\u00fctfen m\u00fc\u015fteri temsilcinizden bilgi al\u0131n.<\/li>\n<\/ul>\n<\/div>\n","protected":false},"excerpt":{"rendered":"<p>TEKN\u0130K \u00d6ZELL\u0130KLER<\/p>\n<p>Tak\u0131m \u0130\u00e7eri\u011fi 1 adet gard\u0131rop, 1 adet karyola ve ba\u015fl\u0131\u011f\u0131, 2 adet komodin, 1 adet \u015fifonyerden olu\u015fmaktad\u0131r.<br \/>\nYatak \u00d6l\u00e7\u00fcs\u00fc G\u00f6rseldeki \u00fcr\u00fcnde, 160 cm x 200 cm \u00f6l\u00e7\u00fclerinde yatak kullan\u0131lm\u0131\u015ft\u0131r.<br \/>\nBaza Fonksiyonu Baza fonksiyonu bulunmaktad\u0131r.<br \/>\nTak\u0131m Rengi<br \/>\nBak\u0131m Mobilyalar\u0131n\u0131z\u0131n temizli\u011fini nemli bezle silerek yapabilirsiniz. Direkt g\u00fcne\u015f \u0131\u015f\u0131\u011f\u0131ndan koruyunuz. S\u0131cak y\u00fczeylerin ve suyun uzun s\u00fcreli y\u00fczeye temas\u0131ndan ka\u00e7\u0131n\u0131n\u0131z.<br \/>\nAyd\u0131nlatma Ayd\u0131nlatma \u00f6zelli\u011fi bulunmaktad\u0131r.<br \/>\nOpsiyonel Par\u00e7alar Opsiyonel mod\u00fcl bulunmamaktad\u0131r.<br \/>\nDemonte Par\u00e7alar T\u00fcm par\u00e7alar demonte g\u00f6nderilir.<\/p>\n","protected":false},"featured_media":11195,"comment_status":"open","ping_status":"closed","template":"","meta":[],"product_brand":[],"product_cat":[136],"product_tag":[],"class_list":{"0":"post-11193","1":"product","2":"type-product","3":"status-publish","4":"has-post-thumbnail","6":"product_cat-yatak-odalari","8":"first","9":"instock","10":"taxable","11":"shipping-taxable","12":"purchasable","13":"product-type-simple"},"yoast_head":"<!-- This site is optimized with the Yoast SEO plugin v27.4 - https:\/\/yoast.com\/product\/yoast-seo-wordpress\/ -->\n<title>Dalaba Yatak Odas\u0131 - ENT\u0130 HOME<\/title>\n<meta name=\"description\" content=\"Dalaba Yatak Odas\u0131 Tak\u0131m\u0131 ile yatak odan\u0131z\u0131 modern \u00e7izgilerle yenileyin. Kaliteli malzeme, fonksiyonel tasar\u0131m ve zarif detaylar bir arada. Hemen ke\u015ffedin!\" \/>\n<meta name=\"robots\" content=\"index, follow, max-snippet:-1, max-image-preview:large, max-video-preview:-1\" \/>\n<link rel=\"canonical\" href=\"https:\/\/www.entihome.com\/index.php\/urun\/dalaba-yatak-odasi\/\" \/>\n<meta property=\"og:locale\" content=\"tr_TR\" \/>\n<meta property=\"og:type\" content=\"article\" \/>\n<meta property=\"og:title\" content=\"Dalaba Yatak Odas\u0131 - ENT\u0130 HOME\" \/>\n<meta property=\"og:description\" content=\"Dalaba Yatak Odas\u0131 Tak\u0131m\u0131 ile yatak odan\u0131z\u0131 modern \u00e7izgilerle yenileyin. Kaliteli malzeme, fonksiyonel tasar\u0131m ve zarif detaylar bir arada. Hemen ke\u015ffedin!\" \/>\n<meta property=\"og:url\" content=\"https:\/\/www.entihome.com\/index.php\/urun\/dalaba-yatak-odasi\/\" \/>\n<meta property=\"og:site_name\" content=\"ENT\u0130 HOME\" \/>\n<meta property=\"article:modified_time\" content=\"2025-12-30T06:18:43+00:00\" \/>\n<meta property=\"og:image\" content=\"https:\/\/www.entihome.com\/wp-content\/uploads\/2025\/08\/NEK-006624-kopya-scaled.jpg\" \/>\n\t<meta property=\"og:image:width\" content=\"2560\" \/>\n\t<meta property=\"og:image:height\" content=\"1920\" \/>\n\t<meta property=\"og:image:type\" content=\"image\/jpeg\" \/>\n<meta name=\"twitter:card\" content=\"summary_large_image\" \/>\n<meta name=\"twitter:label1\" content=\"Tahmini okuma s\u00fcresi\" \/>\n\t<meta name=\"twitter:data1\" content=\"1 dakika\" \/>\n<script type=\"application\/ld+json\" class=\"yoast-schema-graph\">{\"@context\":\"https:\\\/\\\/schema.org\",\"@graph\":[{\"@type\":\"WebPage\",\"@id\":\"https:\\\/\\\/www.entihome.com\\\/index.php\\\/urun\\\/dalaba-yatak-odasi\\\/\",\"url\":\"https:\\\/\\\/www.entihome.com\\\/index.php\\\/urun\\\/dalaba-yatak-odasi\\\/\",\"name\":\"Dalaba Yatak Odas\u0131 - ENT\u0130 HOME\",\"isPartOf\":{\"@id\":\"https:\\\/\\\/www.entihome.com\\\/#website\"},\"primaryImageOfPage\":{\"@id\":\"https:\\\/\\\/www.entihome.com\\\/index.php\\\/urun\\\/dalaba-yatak-odasi\\\/#primaryimage\"},\"image\":{\"@id\":\"https:\\\/\\\/www.entihome.com\\\/index.php\\\/urun\\\/dalaba-yatak-odasi\\\/#primaryimage\"},\"thumbnailUrl\":\"https:\\\/\\\/www.entihome.com\\\/wp-content\\\/uploads\\\/2025\\\/08\\\/NEK-006624-kopya-scaled.jpg\",\"datePublished\":\"2025-08-04T21:35:39+00:00\",\"dateModified\":\"2025-12-30T06:18:43+00:00\",\"description\":\"Dalaba Yatak Odas\u0131 Tak\u0131m\u0131 ile yatak odan\u0131z\u0131 modern \u00e7izgilerle yenileyin. Kaliteli malzeme, fonksiyonel tasar\u0131m ve zarif detaylar bir arada. Hemen ke\u015ffedin!\",\"breadcrumb\":{\"@id\":\"https:\\\/\\\/www.entihome.com\\\/index.php\\\/urun\\\/dalaba-yatak-odasi\\\/#breadcrumb\"},\"inLanguage\":\"tr\",\"potentialAction\":[{\"@type\":\"ReadAction\",\"target\":[\"https:\\\/\\\/www.entihome.com\\\/index.php\\\/urun\\\/dalaba-yatak-odasi\\\/\"]}]},{\"@type\":\"ImageObject\",\"inLanguage\":\"tr\",\"@id\":\"https:\\\/\\\/www.entihome.com\\\/index.php\\\/urun\\\/dalaba-yatak-odasi\\\/#primaryimage\",\"url\":\"https:\\\/\\\/www.entihome.com\\\/wp-content\\\/uploads\\\/2025\\\/08\\\/NEK-006624-kopya-scaled.jpg\",\"contentUrl\":\"https:\\\/\\\/www.entihome.com\\\/wp-content\\\/uploads\\\/2025\\\/08\\\/NEK-006624-kopya-scaled.jpg\",\"width\":2560,\"height\":1920},{\"@type\":\"BreadcrumbList\",\"@id\":\"https:\\\/\\\/www.entihome.com\\\/index.php\\\/urun\\\/dalaba-yatak-odasi\\\/#breadcrumb\",\"itemListElement\":[{\"@type\":\"ListItem\",\"position\":1,\"name\":\"Home\",\"item\":\"https:\\\/\\\/www.entihome.com\\\/\"},{\"@type\":\"ListItem\",\"position\":2,\"name\":\"Ma\u011faza\",\"item\":\"https:\\\/\\\/www.entihome.com\\\/index.php\\\/shop\\\/\"},{\"@type\":\"ListItem\",\"position\":3,\"name\":\"Dalaba Yatak Odas\u0131\"}]},{\"@type\":\"WebSite\",\"@id\":\"https:\\\/\\\/www.entihome.com\\\/#website\",\"url\":\"https:\\\/\\\/www.entihome.com\\\/\",\"name\":\"Enti Home Mobilya\",\"description\":\"\",\"publisher\":{\"@id\":\"https:\\\/\\\/www.entihome.com\\\/#organization\"},\"potentialAction\":[{\"@type\":\"SearchAction\",\"target\":{\"@type\":\"EntryPoint\",\"urlTemplate\":\"https:\\\/\\\/www.entihome.com\\\/?s={search_term_string}\"},\"query-input\":{\"@type\":\"PropertyValueSpecification\",\"valueRequired\":true,\"valueName\":\"search_term_string\"}}],\"inLanguage\":\"tr\"},{\"@type\":\"Organization\",\"@id\":\"https:\\\/\\\/www.entihome.com\\\/#organization\",\"name\":\"Enti Home Mobilya\",\"url\":\"https:\\\/\\\/www.entihome.com\\\/\",\"logo\":{\"@type\":\"ImageObject\",\"inLanguage\":\"tr\",\"@id\":\"https:\\\/\\\/www.entihome.com\\\/#\\\/schema\\\/logo\\\/image\\\/\",\"url\":\"https:\\\/\\\/www.entihome.com\\\/wp-content\\\/uploads\\\/2025\\\/07\\\/logooo1.png\",\"contentUrl\":\"https:\\\/\\\/www.entihome.com\\\/wp-content\\\/uploads\\\/2025\\\/07\\\/logooo1.png\",\"width\":500,\"height\":278,\"caption\":\"Enti Home Mobilya\"},\"image\":{\"@id\":\"https:\\\/\\\/www.entihome.com\\\/#\\\/schema\\\/logo\\\/image\\\/\"},\"sameAs\":[\"https:\\\/\\\/www.instagram.com\\\/entihome_\\\/\"]}]}<\/script>\n<!-- \/ Yoast SEO plugin. -->","yoast_head_json":{"title":"Dalaba Yatak Odas\u0131 - ENT\u0130 HOME","description":"Dalaba Yatak Odas\u0131 Tak\u0131m\u0131 ile yatak odan\u0131z\u0131 modern \u00e7izgilerle yenileyin. Kaliteli malzeme, fonksiyonel tasar\u0131m ve zarif detaylar bir arada. Hemen ke\u015ffedin!","robots":{"index":"index","follow":"follow","max-snippet":"max-snippet:-1","max-image-preview":"max-image-preview:large","max-video-preview":"max-video-preview:-1"},"canonical":"https:\/\/www.entihome.com\/index.php\/urun\/dalaba-yatak-odasi\/","og_locale":"tr_TR","og_type":"article","og_title":"Dalaba Yatak Odas\u0131 - ENT\u0130 HOME","og_description":"Dalaba Yatak Odas\u0131 Tak\u0131m\u0131 ile yatak odan\u0131z\u0131 modern \u00e7izgilerle yenileyin. Kaliteli malzeme, fonksiyonel tasar\u0131m ve zarif detaylar bir arada. Hemen ke\u015ffedin!","og_url":"https:\/\/www.entihome.com\/index.php\/urun\/dalaba-yatak-odasi\/","og_site_name":"ENT\u0130 HOME","article_modified_time":"2025-12-30T06:18:43+00:00","og_image":[{"width":2560,"height":1920,"url":"https:\/\/www.entihome.com\/wp-content\/uploads\/2025\/08\/NEK-006624-kopya-scaled.jpg","type":"image\/jpeg"}],"twitter_card":"summary_large_image","twitter_misc":{"Tahmini okuma s\u00fcresi":"1 dakika"},"schema":{"@context":"https:\/\/schema.org","@graph":[{"@type":"WebPage","@id":"https:\/\/www.entihome.com\/index.php\/urun\/dalaba-yatak-odasi\/","url":"https:\/\/www.entihome.com\/index.php\/urun\/dalaba-yatak-odasi\/","name":"Dalaba Yatak Odas\u0131 - ENT\u0130 HOME","isPartOf":{"@id":"https:\/\/www.entihome.com\/#website"},"primaryImageOfPage":{"@id":"https:\/\/www.entihome.com\/index.php\/urun\/dalaba-yatak-odasi\/#primaryimage"},"image":{"@id":"https:\/\/www.entihome.com\/index.php\/urun\/dalaba-yatak-odasi\/#primaryimage"},"thumbnailUrl":"https:\/\/www.entihome.com\/wp-content\/uploads\/2025\/08\/NEK-006624-kopya-scaled.jpg","datePublished":"2025-08-04T21:35:39+00:00","dateModified":"2025-12-30T06:18:43+00:00","description":"Dalaba Yatak Odas\u0131 Tak\u0131m\u0131 ile yatak odan\u0131z\u0131 modern \u00e7izgilerle yenileyin. Kaliteli malzeme, fonksiyonel tasar\u0131m ve zarif detaylar bir arada. Hemen ke\u015ffedin!","breadcrumb":{"@id":"https:\/\/www.entihome.com\/index.php\/urun\/dalaba-yatak-odasi\/#breadcrumb"},"inLanguage":"tr","potentialAction":[{"@type":"ReadAction","target":["https:\/\/www.entihome.com\/index.php\/urun\/dalaba-yatak-odasi\/"]}]},{"@type":"ImageObject","inLanguage":"tr","@id":"https:\/\/www.entihome.com\/index.php\/urun\/dalaba-yatak-odasi\/#primaryimage","url":"https:\/\/www.entihome.com\/wp-content\/uploads\/2025\/08\/NEK-006624-kopya-scaled.jpg","contentUrl":"https:\/\/www.entihome.com\/wp-content\/uploads\/2025\/08\/NEK-006624-kopya-scaled.jpg","width":2560,"height":1920},{"@type":"BreadcrumbList","@id":"https:\/\/www.entihome.com\/index.php\/urun\/dalaba-yatak-odasi\/#breadcrumb","itemListElement":[{"@type":"ListItem","position":1,"name":"Home","item":"https:\/\/www.entihome.com\/"},{"@type":"ListItem","position":2,"name":"Ma\u011faza","item":"https:\/\/www.entihome.com\/index.php\/shop\/"},{"@type":"ListItem","position":3,"name":"Dalaba Yatak Odas\u0131"}]},{"@type":"WebSite","@id":"https:\/\/www.entihome.com\/#website","url":"https:\/\/www.entihome.com\/","name":"Enti Home Mobilya","description":"","publisher":{"@id":"https:\/\/www.entihome.com\/#organization"},"potentialAction":[{"@type":"SearchAction","target":{"@type":"EntryPoint","urlTemplate":"https:\/\/www.entihome.com\/?s={search_term_string}"},"query-input":{"@type":"PropertyValueSpecification","valueRequired":true,"valueName":"search_term_string"}}],"inLanguage":"tr"},{"@type":"Organization","@id":"https:\/\/www.entihome.com\/#organization","name":"Enti Home Mobilya","url":"https:\/\/www.entihome.com\/","logo":{"@type":"ImageObject","inLanguage":"tr","@id":"https:\/\/www.entihome.com\/#\/schema\/logo\/image\/","url":"https:\/\/www.entihome.com\/wp-content\/uploads\/2025\/07\/logooo1.png","contentUrl":"https:\/\/www.entihome.com\/wp-content\/uploads\/2025\/07\/logooo1.png","width":500,"height":278,"caption":"Enti Home Mobilya"},"image":{"@id":"https:\/\/www.entihome.com\/#\/schema\/logo\/image\/"},"sameAs":["https:\/\/www.instagram.com\/entihome_\/"]}]}},"_links":{"self":[{"href":"https:\/\/www.entihome.com\/index.php\/wp-json\/wp\/v2\/product\/11193","targetHints":{"allow":["GET"]}}],"collection":[{"href":"https:\/\/www.entihome.com\/index.php\/wp-json\/wp\/v2\/product"}],"about":[{"href":"https:\/\/www.entihome.com\/index.php\/wp-json\/wp\/v2\/types\/product"}],"replies":[{"embeddable":true,"href":"https:\/\/www.entihome.com\/index.php\/wp-json\/wp\/v2\/comments?post=11193"}],"wp:featuredmedia":[{"embeddable":true,"href":"https:\/\/www.entihome.com\/index.php\/wp-json\/wp\/v2\/media\/11195"}],"wp:attachment":[{"href":"https:\/\/www.entihome.com\/index.php\/wp-json\/wp\/v2\/media?parent=11193"}],"wp:term":[{"taxonomy":"product_brand","embeddable":true,"href":"https:\/\/www.entihome.com\/index.php\/wp-json\/wp\/v2\/product_brand?post=11193"},{"taxonomy":"product_cat","embeddable":true,"href":"https:\/\/www.entihome.com\/index.php\/wp-json\/wp\/v2\/product_cat?post=11193"},{"taxonomy":"product_tag","embeddable":true,"href":"https:\/\/www.entihome.com\/index.php\/wp-json\/wp\/v2\/product_tag?post=11193"}],"curies":[{"name":"wp","href":"https:\/\/api.w.org\/{rel}","templated":true}]}}